{"id":32,"date":"2022-11-08T08:53:35","date_gmt":"2022-11-08T07:53:35","guid":{"rendered":"https:\/\/www.raschkequadrat.de\/blog\/?page_id=32"},"modified":"2024-09-28T19:13:32","modified_gmt":"2024-09-28T17:13:32","slug":"marita","status":"publish","type":"page","link":"https:\/\/www.raschkequadrat.de\/blog\/marita\/","title":{"rendered":"Marita"},"content":{"rendered":"\n<div class=\"wp-block-columns is-layout-flex wp-container-core-columns-is-layout-9d6595d7 wp-block-columns-is-layout-flex\">\n<div class=\"wp-block-column is-layout-flow wp-block-column-is-layout-flow\">\n<p>\u201eDass ich erkenne, was die Welt im Innersten zusammenh\u00e4lt.\u201c<\/p>\n\n\n\n<figure class=\"wp-block-image size-large umschalterMobil\"><img loading=\"lazy\" decoding=\"async\" width=\"744\" height=\"1024\" src=\"https:\/\/www.raschkequadrat.de\/blog\/wp-content\/uploads\/2024\/07\/Marita-G9-mod-744x1024.jpg\" alt=\"\" class=\"wp-image-126\" srcset=\"https:\/\/www.raschkequadrat.de\/blog\/wp-content\/uploads\/2024\/07\/Marita-G9-mod-744x1024.jpg 744w, https:\/\/www.raschkequadrat.de\/blog\/wp-content\/uploads\/2024\/07\/Marita-G9-mod-218x300.jpg 218w, https:\/\/www.raschkequadrat.de\/blog\/wp-content\/uploads\/2024\/07\/Marita-G9-mod-768x1057.jpg 768w, https:\/\/www.raschkequadrat.de\/blog\/wp-content\/uploads\/2024\/07\/Marita-G9-mod-1116x1536.jpg 1116w, https:\/\/www.raschkequadrat.de\/blog\/wp-content\/uploads\/2024\/07\/Marita-G9-mod-1489x2048.jpg 1489w, https:\/\/www.raschkequadrat.de\/blog\/wp-content\/uploads\/2024\/07\/Marita-G9-mod-scaled.jpg 1861w\" sizes=\"auto, (max-width: 744px) 100vw, 744px\" \/><\/figure>\n\n\n\n<p><\/p>\n\n\n\n<p>Goethes ber\u00fchmtes Zitat aus dem &#8222;Faust&#8220; beschreibt sehr treffend meine Lebensweise. Schon als Kind habe ich mich gern mit R\u00e4tseln, Mathematik und mit Chemie besch\u00e4ftigt. Deshalb habe ich als Studienfach ein Fach gew\u00e4hlt, was diese Disziplinen in sich vereint: Werkstoffwissenschaften.<\/p>\n\n\n\n<p>Ich begann mein Grundstudium in Stuttgart und wechselte nach dem Vordiplom an die Friedrich-Alexander-Universit\u00e4t Erlangen-N\u00fcrnberg. Als Vertiefungsrichtung im Hauptstudium w\u00e4hlte ich \u201eWerkstoffe in der Medizin\u201c und bekam bei meiner Diplomarbeit Einblicke in die Dentaltechnik. Ich kehrte zur\u00fcck ins L\u00e4ndle, um am Institut f\u00fcr Grenzfl\u00e4chenverfahrenstechnik der Universit\u00e4t Stuttgart, das eng verkn\u00fcpft mit dem Fraunhofer Institut f\u00fcr Grenzfl\u00e4chen- und Bioverfahrenstechnik ist, \u00fcber sauerstoffseparierende Hohlfasermembranen zu promovieren. Als frischgebackene Doktorin der Ingenieurwissenschaften bewarb ich mich anschlie\u00dfend f\u00fcr einen Job in der Medizintechnik.<\/p>\n\n\n\n<p>Ich wurde zun\u00e4chst als Projektmanager eingestellt und lernte ein weltweit agierendes Industrieunternehmen kennen. Ich sammelte praktische Erfahrung mit der Entwicklung, Produktion und Zulassung von keramischen Endoprothesen. Nach kurzer Zeit \u00fcbernahm ich Entwicklungsprojekte zu osseointegrativen Beschichtungen f\u00fcr keramische Implantate und schlug den Weg der Fachkarriere ein. Zu wissen, dass die Produkte, die ich entwickle, Menschen helfen, endlich wieder schmerzfrei zu leben, war f\u00fcr mich immer eine sehr gro\u00dfe Motivation.<\/p>\n\n\n\n<p> Als unsere Kinder geboren wurden, begann f\u00fcr mich ein neuer Lebensabschnitt und ich widmete mich ganz der Familie. Dann kam die Corona-Pandemie und wir waren mit einem Schlag auf uns selbst zur\u00fcckgeworfen. Neben den neuen Herausforderungen des Alltags, besch\u00e4ftige mich zunehmend der Umgang mit unseren Kindern: monatelange Schulschlie\u00dfungen, keine Hobbys, keine Kindergeburtstage, kein Treffen mit Freunden. Zu der Zeit war noch ungewiss, was der Virus im Organismus anrichten w\u00fcrde und welche Langzeitfolgen sich nach einer Erkrankung entwickeln k\u00f6nnten. In \u00f6ffentlichen Geb\u00e4uden wurden Luftfilteranlagen zum Schutz der Mitarbeiter aufgestellt, an die Kinder in den Schulen dachte dabei niemand. Sie sa\u00dfen mit dicken Winterjacken und Decken bei ge\u00f6ffneten Fenstern im Winter frierend in den Schulen. Als Ingenieur war mir schnell klar, dass Luftfilteranlagen sehr viel effizienter als jeder L\u00fcftungsvorgang Viren aus der Raumluft entfernen k\u00f6nnen. Deshalb starteten ein befreundeter Physiker und ich gemeinsam ein Projekt mit dem Ziel, unsere Kinderg\u00e4rten und Schulen am Ort mit Luftfilteranlagen auszustatten. Dies war auch mein erster Ber\u00fchrungspunkt mit der Kommunalpolitik. Nach monatelangen Verhandlungen mit dem Oberb\u00fcrgermeister und dem Gemeinderat war es uns schlie\u00dflich gelungen, dass f\u00fcr die Schulen und Kinderg\u00e4rten tats\u00e4chlich Luftfilteranlagen angeschafft wurden.<\/p>\n\n\n\n<p>Als n\u00e4chstes erfuhr ich von der Initiative zweier M\u00fctter, die in Baden-W\u00fcrttemberg zur\u00fcck zu neun Jahren bis zum Abitur wollten. Ich hatte die Petition unterzeichnet und wurde \u00fcber den Start des Volksantrags G9-jetzt-BW benachrichtigt. Ich meldete mich als Ortskoordinator f\u00fcr meinen Wohnort und lernte im Lauf des Sammelzeitraums viele neue, wunderbare Menschen kennen, die genau wie ich die Welt f\u00fcr unsere Kinder verbessern wollten. Gemeinsam schafften wir mit 106.950 Unterzeichnern, dass der Volksantrag erfolgreich eingereicht werden konnte und die Landespolitik gezwungen war, G9 wieder einzuf\u00fchren. <\/p>\n\n\n\n<p>Nachdem unsere Kinder nun aus dem Gr\u00f6bsten raus sind, geht es f\u00fcr mich beruflich auf die Reise in die spannende Welt der Start-ups! Ich verfolge schon lang eine Gesch\u00e4ftsidee, die ich nun als Gr\u00fcnderin in die Tat umsetzen m\u00f6chte. Wie man als weibliche CEO ein Unternehmen gr\u00fcndet und f\u00fchrt und wie man die Welt mit Mut und Engagement zum Besseren ver\u00e4ndern kann, zeigen Michael und ich euch in unserem Blog!<\/p>\n\n\n\n<p><\/p>\n\n\n\n<a href=\"https:\/\/www.linkedin.com\/in\/marita-raschke\" target=\"_blank\" style=\"padding: 15px 10px 0 0\" rel=\"noopener\"><img decoding=\"async\" src=\"\/blog\/dateien\/LinkedIn_icon.png\"><\/a>\n\n<a href=\"https:\/\/www.xing.com\/profile\/Marita_Raschke\/\" target=\"_blank\" style=\"padding: 15px 10px 0 0\" rel=\"noopener\"><img decoding=\"async\" src=\"\/blog\/dateien\/XING_icon.png\"><\/a>\n<\/div>\n\n\n\n<div class=\"wp-block-column is-layout-flow wp-block-column-is-layout-flow\">\n<figure class=\"wp-block-image size-large umschalterDesktop\"><img loading=\"lazy\" decoding=\"async\" width=\"744\" height=\"1024\" src=\"https:\/\/www.raschkequadrat.de\/blog\/wp-content\/uploads\/2024\/07\/Marita-G9-mod-1-744x1024.jpg\" alt=\"\" class=\"wp-image-129\" srcset=\"https:\/\/www.raschkequadrat.de\/blog\/wp-content\/uploads\/2024\/07\/Marita-G9-mod-1-744x1024.jpg 744w, https:\/\/www.raschkequadrat.de\/blog\/wp-content\/uploads\/2024\/07\/Marita-G9-mod-1-218x300.jpg 218w, https:\/\/www.raschkequadrat.de\/blog\/wp-content\/uploads\/2024\/07\/Marita-G9-mod-1-768x1057.jpg 768w, https:\/\/www.raschkequadrat.de\/blog\/wp-content\/uploads\/2024\/07\/Marita-G9-mod-1-1116x1536.jpg 1116w, https:\/\/www.raschkequadrat.de\/blog\/wp-content\/uploads\/2024\/07\/Marita-G9-mod-1-1489x2048.jpg 1489w, https:\/\/www.raschkequadrat.de\/blog\/wp-content\/uploads\/2024\/07\/Marita-G9-mod-1-scaled.jpg 1861w\" sizes=\"auto, (max-width: 744px) 100vw, 744px\" \/><\/figure>\n<\/div>\n<\/div>\n\n\n\n<div style=\"height:20px\" aria-hidden=\"true\" class=\"wp-block-spacer\"><\/div>\n\n\n\n<p><\/p>\n\n\n\n<h2 class=\"wp-block-heading\"><\/h2>\n\n\n\n<div class=\"wp-block-columns is-layout-flex wp-container-core-columns-is-layout-9d6595d7 wp-block-columns-is-layout-flex\">\n<div class=\"wp-block-column is-layout-flow wp-block-column-is-layout-flow\">\n<p><\/p>\n<\/div>\n\n\n\n<div class=\"wp-block-column is-layout-flow wp-block-column-is-layout-flow\"><\/div>\n<\/div>\n\n\n\n<div class=\"wp-block-columns is-layout-flex wp-container-core-columns-is-layout-9d6595d7 wp-block-columns-is-layout-flex\">\n<div class=\"wp-block-column is-layout-flow wp-block-column-is-layout-flow\" style=\"flex-basis:75%\">\n<h2 class=\"wp-block-heading\">Lebenslauf<\/h2>\n\n\n\n<table><tbody><tr><td class=\"lebenslaufJahr\" width=\"130\"><br\/><strong>2010 bis 2020<\/strong><\/td><td class=\"lebenslaufStation\">Entwicklungsingenieurin im Bereich Medizintechnik der <a href=\"https:\/\/www.ceramtec-group.com\/de\" target=\"_blank\" rel=\"noopener\">CeramTec GmbH<\/a><\/td><\/tr>\n    \n    \n    <tr>\n    <td class=\"lebenslaufJahr\"><strong>2011 bis 2015<\/strong><\/td>\n    <td class=\"lebenslaufStation\"><img decoding=\"async\" src=\"\/blog\/dateien\/robopix-logo.png\"><br>Ehrenamtliche Mitarbeiterin der <a href=\"https:\/\/www.robopix.de\" target=\"_blank\" rel=\"noopener\">roboPix UG (haftungsbeschr\u00e4nkt)<\/a><\/td>\n    <\/tr>\n    \n    <tr>\n    <td class=\"lebenslaufJahr\"><strong>2009 bis 2015<\/strong><\/td>\n    <td class=\"lebenslaufStation\"><img decoding=\"async\" src=\"\/blog\/dateien\/fraunhoferIGB-logo.png\"><br>Wissenschaftler am <a href=\"https:\/\/www.igvp.uni-stuttgart.de\/\" target=\"_blank\" rel=\"noopener\">Institut f\u00fcr Grenzfl\u00e4chenverfahrenstechnik<\/a> der Universit\u00e4t Stuttgart mit enger Kooperation zum <a href=\"https:\/\/www.igb.fraunhofer.de\/\" target=\"_blank\" rel=\"noopener\">Institut f\u00fcr Grenzfl\u00e4chen- und Bioverfahrenstechnik (IGB)<\/a> der Fraunhofer Gesellschaft <\/td>\n    <\/tr>\n    \n    <tr>\n    <td class=\"lebenslaufJahr\"><strong>2004 bis 2009<\/strong><\/td>\n    <td class=\"lebenslaufStation\"><img decoding=\"async\" src=\"\/blog\/dateien\/FAU-logo.png\"><br>Studium Werkstoffwissenschaften auf Diplom an der<br>\n    <a href=\"https:\/\/www.fau.de\" target=\"_blank\" rel=\"noopener\">Friedrich-Alexander-Universit\u00e4t Erlangen N\u00fcrnberg<\/a><br>\n    <i>mit Interessen in Grundlagen der Medizin, Werkstoffe in der Medizin<br>\n    <\/i><\/td>\n    <\/tr>\n    \n    <tr>\n    <td class=\"lebenslaufJahr\"><strong>2000 bis 2004<\/strong><\/td>\n    <td class=\"lebenslaufStation\"><img decoding=\"async\" src=\"\/blog\/dateien\/unistuttgart-logo.png\"><br>Studium Werkstoffwissenschaften auf Diplom an der<br>\n    <a href=\"https:\/\/www.uni-stuttgart.de\" target=\"_blank\" rel=\"noopener\">Universit\u00e4t Stuttgart<\/a><br>\n    <i>mit Interessen in Keramik, speziell in Perowskiten<\/i><\/td>\n    <\/tr>\n    <\/tbody>\n    <\/table>\n<\/div>\n<\/div>\n\n\n\n<div class=\"wp-block-columns is-layout-flex wp-container-core-columns-is-layout-9d6595d7 wp-block-columns-is-layout-flex\">\n<div class=\"wp-block-column is-layout-flow wp-block-column-is-layout-flow\" style=\"flex-basis:66.66%\">\n<h2 class=\"wp-block-heading\">Auszeichnungen und Preise<\/h2>\n\n\n\n<figure class=\"wp-block-table is-style-stripes\"><table><tbody><tr><td width=\"80\"><strong>2014<\/strong><\/td><td>Von der Kulturregion Stuttgart ausgew\u00e4hlte Erfinderin f\u00fcr die Kampagne <a href=\"https:\/\/www.kulturregion-stuttgart.de\/was\/rueckblick-projekte\/inspiration-rueckblick\/raschke-mut-zum-querdenken\" target=\"_blank\" rel=\"noopener\">Inspiration<\/a>, welche die Weltanschauung historischer und zeitgen\u00f6ssischer Geistesgr\u00f6\u00dfen der Region Stuttgart beleuchtet.<\/td><\/tr><tr><td width=\"80\"><strong>2014<\/strong><\/td><td>2. Platz beim Stuttgarter Oberfl\u00e4chentechnik-Preis <a href=\"https:\/\/industrieanzeiger.industrie.de\/technik\/entwicklung\/airbus-gewinnt-die-oberflaeche-in-gold\/\" target=\"_blank\" rel=\"noopener\">die Oberfl\u00e4che<\/a> mit einer metallischen, osseointegrativen Beschichtung auf keramischen H\u00fcftpfannen<\/td><\/tr><tr><td width=\"80\"><strong>2009<\/strong><\/td><td>Preis f\u00fcr die beste Studienarbeit des Jahres am Lehrstuhl f\u00fcr Werkstoffwissenschaften der Friedrich-Alexander-Universit\u00e4t Erlangen-N\u00fcrnberg<\/td><\/tr><\/tbody><\/table><\/figure>\n<\/div>\n\n\n\n<div class=\"wp-block-column is-layout-flow wp-block-column-is-layout-flow\" style=\"flex-basis:33.33%\"><\/div>\n<\/div>\n\n\n\n<h2 class=\"wp-block-heading\"><\/h2>\n\n\n\n<p><\/p>\n\n\n\n<div class=\"wp-block-columns is-layout-flex wp-container-core-columns-is-layout-9d6595d7 wp-block-columns-is-layout-flex\">\n<div class=\"wp-block-column is-layout-flow wp-block-column-is-layout-flow\" style=\"flex-basis:66.66%\">\n<p><\/p>\n\n\n\n<div style=\"height:20px\" aria-hidden=\"true\" class=\"wp-block-spacer\"><\/div>\n\n\n\n<p><\/p>\n<\/div>\n\n\n\n<div class=\"wp-block-column is-layout-flow wp-block-column-is-layout-flow\" style=\"flex-basis:33.33%\"><\/div>\n<\/div>\n\n\n\n<p><\/p>\n\n\n\n<p><\/p>\n","protected":false},"excerpt":{"rendered":"<p>\u201eDass ich erkenne, was die Welt im Innersten zusammenh\u00e4lt.\u201c Goethes ber\u00fchmtes Zitat aus dem &#8222;Faust&#8220; beschreibt sehr treffend meine Lebensweise. Schon als Kind habe ich mich gern mit R\u00e4tseln, Mathematik und mit Chemie besch\u00e4ftigt. Deshalb habe ich als Studienfach ein Fach gew\u00e4hlt, was diese Disziplinen in sich vereint: Werkstoffwissenschaften. Ich begann mein Grundstudium in Stuttgart [&hellip;]<\/p>\n","protected":false},"author":1,"featured_media":0,"parent":0,"menu_order":0,"comment_status":"closed","ping_status":"closed","template":"","meta":{"footnotes":""},"class_list":["post-32","page","type-page","status-publish","hentry"],"_links":{"self":[{"href":"https:\/\/www.raschkequadrat.de\/blog\/wp-json\/wp\/v2\/pages\/32","targetHints":{"allow":["GET"]}}],"collection":[{"href":"https:\/\/www.raschkequadrat.de\/blog\/wp-json\/wp\/v2\/pages"}],"about":[{"href":"https:\/\/www.raschkequadrat.de\/blog\/wp-json\/wp\/v2\/types\/page"}],"author":[{"embeddable":true,"href":"https:\/\/www.raschkequadrat.de\/blog\/wp-json\/wp\/v2\/users\/1"}],"replies":[{"embeddable":true,"href":"https:\/\/www.raschkequadrat.de\/blog\/wp-json\/wp\/v2\/comments?post=32"}],"version-history":[{"count":46,"href":"https:\/\/www.raschkequadrat.de\/blog\/wp-json\/wp\/v2\/pages\/32\/revisions"}],"predecessor-version":[{"id":196,"href":"https:\/\/www.raschkequadrat.de\/blog\/wp-json\/wp\/v2\/pages\/32\/revisions\/196"}],"wp:attachment":[{"href":"https:\/\/www.raschkequadrat.de\/blog\/wp-json\/wp\/v2\/media?parent=32"}],"curies":[{"name":"wp","href":"https:\/\/api.w.org\/{rel}","templated":true}]}}